{"id":46,"date":"2022-04-16T21:51:33","date_gmt":"2022-04-16T20:51:33","guid":{"rendered":"http:\/\/zpaszportemwreku.com\/?page_id=46"},"modified":"2022-04-20T13:55:51","modified_gmt":"2022-04-20T12:55:51","slug":"internety","status":"publish","type":"page","link":"https:\/\/zpaszportemwreku.com\/?page_id=46","title":{"rendered":"Internety"},"content":{"rendered":"\n<p><a href=\"http:\/\/www.facebook.com\/Z-paszportem-w-r\u0119ku-101460025888785\" target=\"_blank\" rel=\"noreferrer noopener\">Facebook<\/a><\/p>\n\n\n\n<p>Instagram<\/p>\n\n\n\n<p>Twitter<\/p>\n\n\n\n<p>YouTube<\/p>\n\n\n\n<p><\/p>\n","protected":false},"excerpt":{"rendered":"<p>Facebook Instagram Twitter YouTube<\/p>\n","protected":false},"author":1,"featured_media":0,"parent":0,"menu_order":0,"comment_status":"closed","ping_status":"closed","template":"","meta":{"_exactmetrics_skip_tracking":false,"_exactmetrics_sitenote_active":false,"_exactmetrics_sitenote_note":"","_exactmetrics_sitenote_category":0,"footnotes":""},"class_list":["post-46","page","type-page","status-publish","hentry","eq-blocks"],"yoast_head":"<!-- This site is optimized with the Yoast SEO plugin v27.5 - https:\/\/yoast.com\/product\/yoast-seo-wordpress\/ -->\n<title>Internety - Z paszportem w r\u0119ku<\/title>\n<meta name=\"robots\" content=\"index, follow, max-snippet:-1, max-image-preview:large, max-video-preview:-1\" \/>\n<link rel=\"canonical\" href=\"https:\/\/zpaszportemwreku.com\/?page_id=46\" \/>\n<meta property=\"og:locale\" content=\"pl_PL\" \/>\n<meta property=\"og:type\" content=\"article\" \/>\n<meta property=\"og:title\" content=\"Internety - Z paszportem w r\u0119ku\" \/>\n<meta property=\"og:description\" content=\"Facebook Instagram Twitter YouTube\" \/>\n<meta property=\"og:url\" content=\"https:\/\/zpaszportemwreku.com\/?page_id=46\" \/>\n<meta property=\"og:site_name\" content=\"Z paszportem w r\u0119ku\" \/>\n<meta property=\"article:publisher\" content=\"https:\/\/www.facebook.com\/Z-paszportem-w-rku-101460025888785\/\" \/>\n<meta property=\"article:modified_time\" content=\"2022-04-20T12:55:51+00:00\" \/>\n<meta name=\"twitter:card\" content=\"summary_large_image\" \/>\n<meta name=\"twitter:label1\" content=\"Szacowany czas czytania\" \/>\n\t<meta name=\"twitter:data1\" content=\"1 minuta\" \/>\n<script type=\"application\/ld+json\" class=\"yoast-schema-graph\">{\"@context\":\"https:\\\/\\\/schema.org\",\"@graph\":[{\"@type\":\"WebPage\",\"@id\":\"https:\\\/\\\/zpaszportemwreku.com\\\/?page_id=46\",\"url\":\"https:\\\/\\\/zpaszportemwreku.com\\\/?page_id=46\",\"name\":\"Internety - Z paszportem w r\u0119ku\",\"isPartOf\":{\"@id\":\"https:\\\/\\\/zpaszportemwreku.com\\\/#website\"},\"datePublished\":\"2022-04-16T20:51:33+00:00\",\"dateModified\":\"2022-04-20T12:55:51+00:00\",\"breadcrumb\":{\"@id\":\"https:\\\/\\\/zpaszportemwreku.com\\\/?page_id=46#breadcrumb\"},\"inLanguage\":\"pl-PL\",\"potentialAction\":[{\"@type\":\"ReadAction\",\"target\":[\"https:\\\/\\\/zpaszportemwreku.com\\\/?page_id=46\"]}]},{\"@type\":\"BreadcrumbList\",\"@id\":\"https:\\\/\\\/zpaszportemwreku.com\\\/?page_id=46#breadcrumb\",\"itemListElement\":[{\"@type\":\"ListItem\",\"position\":1,\"name\":\"Home\",\"item\":\"https:\\\/\\\/zpaszportemwreku.com\\\/\"},{\"@type\":\"ListItem\",\"position\":2,\"name\":\"Internety\"}]},{\"@type\":\"WebSite\",\"@id\":\"https:\\\/\\\/zpaszportemwreku.com\\\/#website\",\"url\":\"https:\\\/\\\/zpaszportemwreku.com\\\/\",\"name\":\"Z paszportem w r\u0119ku\",\"description\":\"Blog podr\u00f3\u017cnika - informacje, porady, wskaz\u00f3wki\",\"publisher\":{\"@id\":\"https:\\\/\\\/zpaszportemwreku.com\\\/#\\\/schema\\\/person\\\/41ad224ab9af56eaf73d867a848cba43\"},\"potentialAction\":[{\"@type\":\"SearchAction\",\"target\":{\"@type\":\"EntryPoint\",\"urlTemplate\":\"https:\\\/\\\/zpaszportemwreku.com\\\/?s={search_term_string}\"},\"query-input\":{\"@type\":\"PropertyValueSpecification\",\"valueRequired\":true,\"valueName\":\"search_term_string\"}}],\"inLanguage\":\"pl-PL\"},{\"@type\":[\"Person\",\"Organization\"],\"@id\":\"https:\\\/\\\/zpaszportemwreku.com\\\/#\\\/schema\\\/person\\\/41ad224ab9af56eaf73d867a848cba43\",\"name\":\"Podr\u00f3\u017cnik\",\"image\":{\"@type\":\"ImageObject\",\"inLanguage\":\"pl-PL\",\"@id\":\"https:\\\/\\\/zpaszportemwreku.com\\\/wp-content\\\/uploads\\\/2022\\\/04\\\/cropped-logo-01-1.png\",\"url\":\"https:\\\/\\\/zpaszportemwreku.com\\\/wp-content\\\/uploads\\\/2022\\\/04\\\/cropped-logo-01-1.png\",\"contentUrl\":\"https:\\\/\\\/zpaszportemwreku.com\\\/wp-content\\\/uploads\\\/2022\\\/04\\\/cropped-logo-01-1.png\",\"width\":93,\"height\":90,\"caption\":\"Podr\u00f3\u017cnik\"},\"logo\":{\"@id\":\"https:\\\/\\\/zpaszportemwreku.com\\\/wp-content\\\/uploads\\\/2022\\\/04\\\/cropped-logo-01-1.png\"},\"sameAs\":[\"https:\\\/\\\/zpaszportemwreku.com\\\/\",\"https:\\\/\\\/www.facebook.com\\\/Z-paszportem-w-rku-101460025888785\\\/\"]}]}<\/script>\n<!-- \/ Yoast SEO plugin. -->","yoast_head_json":{"title":"Internety - Z paszportem w r\u0119ku","robots":{"index":"index","follow":"follow","max-snippet":"max-snippet:-1","max-image-preview":"max-image-preview:large","max-video-preview":"max-video-preview:-1"},"canonical":"https:\/\/zpaszportemwreku.com\/?page_id=46","og_locale":"pl_PL","og_type":"article","og_title":"Internety - Z paszportem w r\u0119ku","og_description":"Facebook Instagram Twitter YouTube","og_url":"https:\/\/zpaszportemwreku.com\/?page_id=46","og_site_name":"Z paszportem w r\u0119ku","article_publisher":"https:\/\/www.facebook.com\/Z-paszportem-w-rku-101460025888785\/","article_modified_time":"2022-04-20T12:55:51+00:00","twitter_card":"summary_large_image","twitter_misc":{"Szacowany czas czytania":"1 minuta"},"schema":{"@context":"https:\/\/schema.org","@graph":[{"@type":"WebPage","@id":"https:\/\/zpaszportemwreku.com\/?page_id=46","url":"https:\/\/zpaszportemwreku.com\/?page_id=46","name":"Internety - Z paszportem w r\u0119ku","isPartOf":{"@id":"https:\/\/zpaszportemwreku.com\/#website"},"datePublished":"2022-04-16T20:51:33+00:00","dateModified":"2022-04-20T12:55:51+00:00","breadcrumb":{"@id":"https:\/\/zpaszportemwreku.com\/?page_id=46#breadcrumb"},"inLanguage":"pl-PL","potentialAction":[{"@type":"ReadAction","target":["https:\/\/zpaszportemwreku.com\/?page_id=46"]}]},{"@type":"BreadcrumbList","@id":"https:\/\/zpaszportemwreku.com\/?page_id=46#breadcrumb","itemListElement":[{"@type":"ListItem","position":1,"name":"Home","item":"https:\/\/zpaszportemwreku.com\/"},{"@type":"ListItem","position":2,"name":"Internety"}]},{"@type":"WebSite","@id":"https:\/\/zpaszportemwreku.com\/#website","url":"https:\/\/zpaszportemwreku.com\/","name":"Z paszportem w r\u0119ku","description":"Blog podr\u00f3\u017cnika - informacje, porady, wskaz\u00f3wki","publisher":{"@id":"https:\/\/zpaszportemwreku.com\/#\/schema\/person\/41ad224ab9af56eaf73d867a848cba43"},"potentialAction":[{"@type":"SearchAction","target":{"@type":"EntryPoint","urlTemplate":"https:\/\/zpaszportemwreku.com\/?s={search_term_string}"},"query-input":{"@type":"PropertyValueSpecification","valueRequired":true,"valueName":"search_term_string"}}],"inLanguage":"pl-PL"},{"@type":["Person","Organization"],"@id":"https:\/\/zpaszportemwreku.com\/#\/schema\/person\/41ad224ab9af56eaf73d867a848cba43","name":"Podr\u00f3\u017cnik","image":{"@type":"ImageObject","inLanguage":"pl-PL","@id":"https:\/\/zpaszportemwreku.com\/wp-content\/uploads\/2022\/04\/cropped-logo-01-1.png","url":"https:\/\/zpaszportemwreku.com\/wp-content\/uploads\/2022\/04\/cropped-logo-01-1.png","contentUrl":"https:\/\/zpaszportemwreku.com\/wp-content\/uploads\/2022\/04\/cropped-logo-01-1.png","width":93,"height":90,"caption":"Podr\u00f3\u017cnik"},"logo":{"@id":"https:\/\/zpaszportemwreku.com\/wp-content\/uploads\/2022\/04\/cropped-logo-01-1.png"},"sameAs":["https:\/\/zpaszportemwreku.com\/","https:\/\/www.facebook.com\/Z-paszportem-w-rku-101460025888785\/"]}]}},"_links":{"self":[{"href":"https:\/\/zpaszportemwreku.com\/index.php?rest_route=\/wp\/v2\/pages\/46","targetHints":{"allow":["GET"]}}],"collection":[{"href":"https:\/\/zpaszportemwreku.com\/index.php?rest_route=\/wp\/v2\/pages"}],"about":[{"href":"https:\/\/zpaszportemwreku.com\/index.php?rest_route=\/wp\/v2\/types\/page"}],"author":[{"embeddable":true,"href":"https:\/\/zpaszportemwreku.com\/index.php?rest_route=\/wp\/v2\/users\/1"}],"replies":[{"embeddable":true,"href":"https:\/\/zpaszportemwreku.com\/index.php?rest_route=%2Fwp%2Fv2%2Fcomments&post=46"}],"version-history":[{"count":3,"href":"https:\/\/zpaszportemwreku.com\/index.php?rest_route=\/wp\/v2\/pages\/46\/revisions"}],"predecessor-version":[{"id":132,"href":"https:\/\/zpaszportemwreku.com\/index.php?rest_route=\/wp\/v2\/pages\/46\/revisions\/132"}],"wp:attachment":[{"href":"https:\/\/zpaszportemwreku.com\/index.php?rest_route=%2Fwp%2Fv2%2Fmedia&parent=46"}],"curies":[{"name":"wp","href":"https:\/\/api.w.org\/{rel}","templated":true}]}}